{"id":327,"date":"2024-01-14T18:43:03","date_gmt":"2024-01-14T17:43:03","guid":{"rendered":"https:\/\/22halbeisx.bplaced.net\/?page_id=327"},"modified":"2025-03-03T19:11:43","modified_gmt":"2025-03-03T18:11:43","slug":"bezugskalkulation","status":"publish","type":"page","link":"https:\/\/22halbeisx.bplaced.net\/?page_id=327","title":{"rendered":"SWOT Analyse"},"content":{"rendered":"\t\t<div data-elementor-type=\"wp-page\" data-elementor-id=\"327\" class=\"elementor elementor-327\">\n\t\t\t\t\t\t<header class=\"elementor-section elementor-top-section elementor-element elementor-element-31874500 elementor-section-stretched elementor-section-height-min-height elementor-section-full_width elementor-section-height-default elementor-section-items-middle wpr-particle-no wpr-jarallax-no wpr-parallax-no wpr-sticky-section-no\" data-id=\"31874500\" data-element_type=\"section\" data-settings=\"{&quot;stretch_section&quot;:&quot;section-stretched&quot;,&quot;background_background&quot;:&quot;classic&quot;}\">\n\t\t\t\t\t\t\t<div class=\"elementor-background-overlay\"><\/div>\n\t\t\t\t\t\t\t<div class=\"elementor-container elementor-column-gap-default\">\n\t\t\t\t\t<div class=\"elementor-column elementor-col-100 elementor-top-column elementor-element elementor-element-783c1a86\" data-id=\"783c1a86\" data-element_type=\"column\">\n\t\t\t<div class=\"elementor-widget-wrap elementor-element-populated\">\n\t\t\t\t\t\t<section class=\"elementor-section elementor-inner-section elementor-element elementor-element-6ff8d8b6 elementor-section-boxed elementor-section-height-default elementor-section-height-default wpr-particle-no wpr-jarallax-no wpr-parallax-no wpr-sticky-section-no\" data-id=\"6ff8d8b6\" data-element_type=\"section\" data-settings=\"{&quot;background_background&quot;:&quot;classic&quot;}\">\n\t\t\t\t\t\t<div class=\"elementor-container elementor-column-gap-default\">\n\t\t\t\t\t<div class=\"elementor-column elementor-col-100 elementor-inner-column elementor-element elementor-element-8684ed3 elementor-invisible\" data-id=\"8684ed3\" data-element_type=\"column\" data-settings=\"{&quot;background_background&quot;:&quot;gradient&quot;,&quot;animation&quot;:&quot;fadeInLeft&quot;}\">\n\t\t\t<div class=\"elementor-widget-wrap elementor-element-populated\">\n\t\t\t\t\t\t<div class=\"elementor-element elementor-element-1991a84c envato-kit-62-ttl-white elementor-widget elementor-widget-heading\" data-id=\"1991a84c\" data-element_type=\"widget\" data-widget_type=\"heading.default\">\n\t\t\t\t<div class=\"elementor-widget-container\">\n\t\t\t\t\t<h6 class=\"elementor-heading-title elementor-size-default\">Besser als Pros und Cons:<\/h6>\t\t\t\t<\/div>\n\t\t\t\t<\/div>\n\t\t\t\t<div class=\"elementor-element elementor-element-367ff39e header-title elementor-widget elementor-widget-heading\" data-id=\"367ff39e\" data-element_type=\"widget\" data-widget_type=\"heading.default\">\n\t\t\t\t<div class=\"elementor-widget-container\">\n\t\t\t\t\t<h1 class=\"elementor-heading-title elementor-size-default\">DIE Swot Analyse<\/h1>\t\t\t\t<\/div>\n\t\t\t\t<\/div>\n\t\t\t\t\t<\/div>\n\t\t<\/div>\n\t\t\t\t\t<\/div>\n\t\t<\/section>\n\t\t\t\t\t<\/div>\n\t\t<\/div>\n\t\t\t\t\t<\/div>\n\t\t<\/header>\n\t\t\t\t<section class=\"elementor-section elementor-top-section elementor-element elementor-element-46724ef4 elementor-section-full_width elementor-section-content-middle elementor-section-height-default elementor-section-height-default wpr-particle-no wpr-jarallax-no wpr-parallax-no wpr-sticky-section-no\" data-id=\"46724ef4\" data-element_type=\"section\" data-settings=\"{&quot;background_background&quot;:&quot;classic&quot;}\">\n\t\t\t\t\t\t<div class=\"elementor-container elementor-column-gap-default\">\n\t\t\t\t\t<div class=\"elementor-column elementor-col-50 elementor-top-column elementor-element elementor-element-bccf59c elementor-invisible\" data-id=\"bccf59c\" data-element_type=\"column\" data-settings=\"{&quot;animation&quot;:&quot;fadeInLeft&quot;,&quot;background_background&quot;:&quot;classic&quot;}\">\n\t\t\t<div class=\"elementor-widget-wrap elementor-element-populated\">\n\t\t\t\t\t<div class=\"elementor-background-overlay\"><\/div>\n\t\t\t\t\t\t<div class=\"elementor-element elementor-element-86fe792 elementor-widget elementor-widget-spacer\" data-id=\"86fe792\" data-element_type=\"widget\" data-widget_type=\"spacer.default\">\n\t\t\t\t<div class=\"elementor-widget-container\">\n\t\t\t\t\t\t\t<div class=\"elementor-spacer\">\n\t\t\t<div class=\"elementor-spacer-inner\"><\/div>\n\t\t<\/div>\n\t\t\t\t\t\t<\/div>\n\t\t\t\t<\/div>\n\t\t\t\t\t<\/div>\n\t\t<\/div>\n\t\t\t\t<div class=\"elementor-column elementor-col-50 elementor-top-column elementor-element elementor-element-67941ee4 elementor-invisible\" data-id=\"67941ee4\" data-element_type=\"column\" data-settings=\"{&quot;animation&quot;:&quot;fadeInRight&quot;,&quot;animation_delay&quot;:200}\">\n\t\t\t<div class=\"elementor-widget-wrap elementor-element-populated\">\n\t\t\t\t\t\t<section class=\"elementor-section elementor-inner-section elementor-element elementor-element-5b2410e8 elementor-section-boxed elementor-section-height-default elementor-section-height-default wpr-particle-no wpr-jarallax-no wpr-parallax-no wpr-sticky-section-no\" data-id=\"5b2410e8\" data-element_type=\"section\">\n\t\t\t\t\t\t<div class=\"elementor-container elementor-column-gap-default\">\n\t\t\t\t\t<div class=\"elementor-column elementor-col-100 elementor-inner-column elementor-element elementor-element-2a7df521\" data-id=\"2a7df521\" data-element_type=\"column\">\n\t\t\t<div class=\"elementor-widget-wrap elementor-element-populated\">\n\t\t\t\t\t\t<div class=\"elementor-element elementor-element-2ddf41ab elementor-widget elementor-widget-heading\" data-id=\"2ddf41ab\" data-element_type=\"widget\" data-widget_type=\"heading.default\">\n\t\t\t\t<div class=\"elementor-widget-container\">\n\t\t\t\t\t<h2 class=\"elementor-heading-title elementor-size-default\">SWOT-Analyse \ud83d\udcca \n<br> <br> Die strategische Erfolgsformel<\/h2>\t\t\t\t<\/div>\n\t\t\t\t<\/div>\n\t\t\t\t<div class=\"elementor-element elementor-element-4c57a56a elementor-widget elementor-widget-text-editor\" data-id=\"4c57a56a\" data-element_type=\"widget\" data-widget_type=\"text-editor.default\">\n\t\t\t\t<div class=\"elementor-widget-container\">\n\t\t\t\t\t\t\t\t\t<p>Die SWOT-Analyse ist ein wichtiges Werkzeug in der Unternehmensstrategie \ud83c\udfe2. Sie hilft dabei, St\u00e4rken und Schw\u00e4chen eines Unternehmens zu erkennen und gleichzeitig Chancen und Risiken aus dem Umfeld zu analysieren \ud83c\udf0d.<br \/><br \/>So k\u00f6nnen Unternehmen fundierte Entscheidungen treffen und sich optimal auf die Zukunft vorbereiten.<\/p>\t\t\t\t\t\t\t\t<\/div>\n\t\t\t\t<\/div>\n\t\t\t\t\t<\/div>\n\t\t<\/div>\n\t\t\t\t\t<\/div>\n\t\t<\/section>\n\t\t\t\t\t<\/div>\n\t\t<\/div>\n\t\t\t\t\t<\/div>\n\t\t<\/section>\n\t\t\t\t<section class=\"elementor-section elementor-top-section elementor-element elementor-element-5d1d8c54 elementor-section-stretched elementor-section-boxed elementor-section-height-default elementor-section-height-default wpr-particle-no wpr-jarallax-no wpr-parallax-no wpr-sticky-section-no\" data-id=\"5d1d8c54\" data-element_type=\"section\" data-settings=\"{&quot;stretch_section&quot;:&quot;section-stretched&quot;,&quot;background_background&quot;:&quot;gradient&quot;}\">\n\t\t\t\t\t\t<div class=\"elementor-container elementor-column-gap-default\">\n\t\t\t\t\t<div class=\"elementor-column elementor-col-100 elementor-top-column elementor-element elementor-element-56198146\" data-id=\"56198146\" data-element_type=\"column\">\n\t\t\t<div class=\"elementor-widget-wrap elementor-element-populated\">\n\t\t\t\t\t\t<div class=\"elementor-element elementor-element-5e37a8ab envato-kit-62-ttl-white elementor-invisible elementor-widget elementor-widget-heading\" data-id=\"5e37a8ab\" data-element_type=\"widget\" data-settings=\"{&quot;_animation&quot;:&quot;fadeInRight&quot;,&quot;_animation_delay&quot;:0}\" data-widget_type=\"heading.default\">\n\t\t\t\t<div class=\"elementor-widget-container\">\n\t\t\t\t\t<h6 class=\"elementor-heading-title elementor-size-default\">Ein Praxisbeispiel<\/h6>\t\t\t\t<\/div>\n\t\t\t\t<\/div>\n\t\t\t\t<div class=\"elementor-element elementor-element-453e07d4 elementor-invisible elementor-widget elementor-widget-heading\" data-id=\"453e07d4\" data-element_type=\"widget\" data-settings=\"{&quot;_animation&quot;:&quot;fadeInLeft&quot;,&quot;_animation_delay&quot;:200}\" data-widget_type=\"heading.default\">\n\t\t\t\t<div class=\"elementor-widget-container\">\n\t\t\t\t\t<h2 class=\"elementor-heading-title elementor-size-default\">Ein LKW Unternehmen \ud83d\ude9b\n\n<br> <br>\n\nDie SWOT Analyse als Beispiel<\/h2>\t\t\t\t<\/div>\n\t\t\t\t<\/div>\n\t\t\t\t<section class=\"elementor-section elementor-inner-section elementor-element elementor-element-45d76a2d elementor-section-boxed elementor-section-height-default elementor-section-height-default wpr-particle-no wpr-jarallax-no wpr-parallax-no wpr-sticky-section-no\" data-id=\"45d76a2d\" data-element_type=\"section\">\n\t\t\t\t\t\t<div class=\"elementor-container elementor-column-gap-default\">\n\t\t\t\t\t<div class=\"elementor-column elementor-col-100 elementor-inner-column elementor-element elementor-element-13f66041 elementor-invisible\" data-id=\"13f66041\" data-element_type=\"column\" data-settings=\"{&quot;background_background&quot;:&quot;classic&quot;,&quot;animation&quot;:&quot;fadeInRight&quot;}\">\n\t\t\t<div class=\"elementor-widget-wrap elementor-element-populated\">\n\t\t\t\t\t\t<div class=\"elementor-element elementor-element-8d30f2d elementor-widget elementor-widget-text-editor\" data-id=\"8d30f2d\" data-element_type=\"widget\" data-widget_type=\"text-editor.default\">\n\t\t\t\t<div class=\"elementor-widget-container\">\n\t\t\t\t\t\t\t\t\t<p>Die SWOT-Analyse l\u00e4sst sich auf verschiedene Branchen anwenden<\/p><p>\u2013<\/p><p>Hier betrachten wir sie am Beispiel eines LKW-Unternehmens.<\/p><p>Dieses Beispiel zeigt, wie Unternehmen ihre internen St\u00e4rken und Schw\u00e4chen analysieren und externe Chancen sowie Risiken erkennen k\u00f6nnen, um strategische Entscheidungen zu treffen.<\/p>\t\t\t\t\t\t\t\t<\/div>\n\t\t\t\t<\/div>\n\t\t\t\t\t<\/div>\n\t\t<\/div>\n\t\t\t\t\t<\/div>\n\t\t<\/section>\n\t\t\t\t<div class=\"elementor-element elementor-element-7ab7d7b elementor-widget elementor-widget-image\" data-id=\"7ab7d7b\" data-element_type=\"widget\" data-widget_type=\"image.default\">\n\t\t\t\t<div class=\"elementor-widget-container\">\n\t\t\t\t\t\t\t\t\t\t\t\t\t\t\t<img fetchpriority=\"high\" decoding=\"async\" width=\"960\" height=\"347\" src=\"https:\/\/22halbeisx.bplaced.net\/wp-content\/uploads\/2025\/03\/Bild_2025-03-03_183156904-1024x370.png\" class=\"attachment-large size-large wp-image-4255\" alt=\"\" srcset=\"https:\/\/22halbeisx.bplaced.net\/wp-content\/uploads\/2025\/03\/Bild_2025-03-03_183156904-1024x370.png 1024w, https:\/\/22halbeisx.bplaced.net\/wp-content\/uploads\/2025\/03\/Bild_2025-03-03_183156904-300x108.png 300w, https:\/\/22halbeisx.bplaced.net\/wp-content\/uploads\/2025\/03\/Bild_2025-03-03_183156904-768x277.png 768w, https:\/\/22halbeisx.bplaced.net\/wp-content\/uploads\/2025\/03\/Bild_2025-03-03_183156904-600x217.png 600w, https:\/\/22halbeisx.bplaced.net\/wp-content\/uploads\/2025\/03\/Bild_2025-03-03_183156904.png 1344w\" sizes=\"(max-width: 960px) 100vw, 960px\" \/>\t\t\t\t\t\t\t\t\t\t\t\t\t\t\t<\/div>\n\t\t\t\t<\/div>\n\t\t\t\t\t<\/div>\n\t\t<\/div>\n\t\t\t\t\t<\/div>\n\t\t<\/section>\n\t\t\t\t<\/div>\n\t\t","protected":false},"excerpt":{"rendered":"<p>Besser als Pros und Cons: DIE Swot Analyse SWOT-Analyse \ud83d\udcca Die strategische Erfolgsformel Die SWOT-Analyse ist ein wichtiges Werkzeug in der Unternehmensstrategie \ud83c\udfe2. Sie hilft dabei, St\u00e4rken und Schw\u00e4chen eines Unternehmens zu erkennen und gleichzeitig Chancen und Risiken aus dem Umfeld zu analysieren \ud83c\udf0d. So k\u00f6nnen Unternehmen fundierte Entscheidungen treffen und sich optimal auf die Zukunft vorbereiten. Ein Praxisbeispiel Ein LKW Unternehmen \ud83d\ude9b Die SWOT Analyse als Beispiel Die SWOT-Analyse l\u00e4sst sich auf verschiedene Branchen anwenden \u2013 Hier betrachten wir sie am Beispiel eines LKW-Unternehmens. Dieses Beispiel zeigt, wie Unternehmen ihre internen St\u00e4rken und Schw\u00e4chen analysieren und externe Chancen sowie Risiken erkennen k\u00f6nnen, um strategische Entscheidungen zu treffen.<\/p>\n","protected":false},"author":1,"featured_media":0,"parent":0,"menu_order":0,"comment_status":"closed","ping_status":"closed","template":"","meta":{"footnotes":""},"class_list":["post-327","page","type-page","status-publish","hentry"],"_links":{"self":[{"href":"https:\/\/22halbeisx.bplaced.net\/index.php?rest_route=\/wp\/v2\/pages\/327","targetHints":{"allow":["GET"]}}],"collection":[{"href":"https:\/\/22halbeisx.bplaced.net\/index.php?rest_route=\/wp\/v2\/pages"}],"about":[{"href":"https:\/\/22halbeisx.bplaced.net\/index.php?rest_route=\/wp\/v2\/types\/page"}],"author":[{"embeddable":true,"href":"https:\/\/22halbeisx.bplaced.net\/index.php?rest_route=\/wp\/v2\/users\/1"}],"replies":[{"embeddable":true,"href":"https:\/\/22halbeisx.bplaced.net\/index.php?rest_route=%2Fwp%2Fv2%2Fcomments&post=327"}],"version-history":[{"count":68,"href":"https:\/\/22halbeisx.bplaced.net\/index.php?rest_route=\/wp\/v2\/pages\/327\/revisions"}],"predecessor-version":[{"id":4264,"href":"https:\/\/22halbeisx.bplaced.net\/index.php?rest_route=\/wp\/v2\/pages\/327\/revisions\/4264"}],"wp:attachment":[{"href":"https:\/\/22halbeisx.bplaced.net\/index.php?rest_route=%2Fwp%2Fv2%2Fmedia&parent=327"}],"curies":[{"name":"wp","href":"https:\/\/api.w.org\/{rel}","templated":true}]}}