{"id":2126,"date":"2022-06-07T10:46:48","date_gmt":"2022-06-07T08:46:48","guid":{"rendered":"https:\/\/nicktesting.kinsta.cloud\/shopdiko1\/?post_type=product&#038;p=53"},"modified":"2024-11-17T17:42:23","modified_gmt":"2024-11-17T16:42:23","slug":"evolve-antares-activewear","status":"publish","type":"product","link":"https:\/\/22halbeisx.bplaced.net\/?product=evolve-antares-activewear","title":{"rendered":"Milka Wei\u00dfe Schokolade 100g"},"content":{"rendered":"<p>Milka Wei\u00dfe Schokolade ist der leckere und zartschmelzende Genuss wei\u00dfer Schokolade.<\/p>\n","protected":false},"excerpt":{"rendered":"<table class=\"prodTableContainer w-full font-normal text-purple\">\n<thead>\n<tr class=\"[&amp;&gt;th]:text-16 [&amp;&gt;th]:leading-[16px] lg:[&amp;&gt;th]:text-18 lg:[&amp;&gt;th]:leading-[30.6px] [&amp;&gt;th]:text-right lg:[&amp;&gt;th]:tracking-[1.3px] [&amp;&gt;th]:p-0 [&amp;&gt;th]:whitespace-nowrap uppercase\" style=\"border: 0px solid; box-sizing: border-box; --tw-border-spacing-x: 0; --tw-border-spacing-y: 0; --tw-translate-x: 0; --tw-translate-y: 0; --tw-rotate: 0; --tw-skew-x: 0; --tw-skew-y: 0; --tw-scale-x: 1; --tw-scale-y: 1; --tw-scroll-snap-strictness: proximity; --tw-ring-offset-width: 0px; --tw-ring-offset-color: #fff; --tw-ring-color: rgba(59,130,246,.5); --tw-ring-offset-shadow: 0 0 #0000; --tw-ring-shadow: 0 0 #0000; --tw-shadow: 0 0 #0000; --tw-shadow-colored: 0 0 #0000; text-transform: uppercase;\">\n<th>N\u00c4HRWERTE<\/th>\n<th><\/th>\n<th>16,7 g<\/th>\n<\/tr>\n<\/thead>\n<tbody class=\"productTableData\">\n<tr>\n<td>Energie (Brennwert)<\/td>\n<td>\n<div class=\"ntable_html\">2233 kJ \/<br \/>\n534 kcal<\/div>\n<\/td>\n<td>\n<div class=\"ntable_html\">373 kJ \/<br \/>\n89 kcal<\/div>\n<\/td>\n<\/tr>\n<tr>\n<td>Proteine<\/td>\n<td>4.2g<\/td>\n<td>0.7g<\/td>\n<\/tr>\n<tr>\n<td>Kohlenhydrate<\/td>\n<td>65.0g<\/td>\n<td>11.0g<\/td>\n<\/tr>\n<tr>\n<td>Fett<\/td>\n<td>28.0g<\/td>\n<td>4.7g<\/td>\n<\/tr>\n<tr>\n<td>davon Zucker<\/td>\n<td>65.0g<\/td>\n<td>11.0g<\/td>\n<\/tr>\n<tr>\n<td>Ballaststoffe<\/td>\n<td>0g<\/td>\n<td>0g<\/td>\n<\/tr>\n<tr>\n<td>Natrium<\/td>\n<td>0.26g<\/td>\n<td>0.05g<\/td>\n<\/tr>\n<tr>\n<td>davon ges\u00e4ttigte Fetts\u00e4uren<\/td>\n<td>17.0g<\/td>\n<td>2.9g<\/td>\n<\/tr>\n<\/tbody>\n<\/table>\n","protected":false},"featured_media":2172,"comment_status":"open","ping_status":"closed","template":"","meta":[],"product_brand":[],"product_cat":[67],"product_tag":[66,61,40,59,48,51,65,64],"class_list":{"0":"post-2126","1":"product","2":"type-product","3":"status-publish","4":"has-post-thumbnail","6":"product_cat-tafeln","7":"product_tag-hell","8":"product_tag-milka","9":"product_tag-neutral","10":"product_tag-schokolade","11":"product_tag-summer","12":"product_tag-swimwear","13":"product_tag-tafel","14":"product_tag-weiss","16":"first","17":"instock","18":"sale","19":"featured","20":"shipping-taxable","21":"purchasable","22":"product-type-simple"},"_links":{"self":[{"href":"https:\/\/22halbeisx.bplaced.net\/index.php?rest_route=\/wp\/v2\/product\/2126","targetHints":{"allow":["GET"]}}],"collection":[{"href":"https:\/\/22halbeisx.bplaced.net\/index.php?rest_route=\/wp\/v2\/product"}],"about":[{"href":"https:\/\/22halbeisx.bplaced.net\/index.php?rest_route=\/wp\/v2\/types\/product"}],"replies":[{"embeddable":true,"href":"https:\/\/22halbeisx.bplaced.net\/index.php?rest_route=%2Fwp%2Fv2%2Fcomments&post=2126"}],"wp:featuredmedia":[{"embeddable":true,"href":"https:\/\/22halbeisx.bplaced.net\/index.php?rest_route=\/wp\/v2\/media\/2172"}],"wp:attachment":[{"href":"https:\/\/22halbeisx.bplaced.net\/index.php?rest_route=%2Fwp%2Fv2%2Fmedia&parent=2126"}],"wp:term":[{"taxonomy":"product_brand","embeddable":true,"href":"https:\/\/22halbeisx.bplaced.net\/index.php?rest_route=%2Fwp%2Fv2%2Fproduct_brand&post=2126"},{"taxonomy":"product_cat","embeddable":true,"href":"https:\/\/22halbeisx.bplaced.net\/index.php?rest_route=%2Fwp%2Fv2%2Fproduct_cat&post=2126"},{"taxonomy":"product_tag","embeddable":true,"href":"https:\/\/22halbeisx.bplaced.net\/index.php?rest_route=%2Fwp%2Fv2%2Fproduct_tag&post=2126"}],"curies":[{"name":"wp","href":"https:\/\/api.w.org\/{rel}","templated":true}]}}