{"id":2136,"date":"2022-06-09T09:48:52","date_gmt":"2022-06-09T07:48:52","guid":{"rendered":"https:\/\/nicktesting.kinsta.cloud\/shopdiko1\/?post_type=product&#038;p=409"},"modified":"2024-11-17T17:53:33","modified_gmt":"2024-11-17T16:53:33","slug":"laney-ribbed-maxi-dress","status":"publish","type":"product","link":"https:\/\/22halbeisx.bplaced.net\/?product=laney-ribbed-maxi-dress","title":{"rendered":"Milka Ganze Haseln\u00fcsse 200g"},"content":{"rendered":"<div class=\"w-full lg:max-w-[1170px] mx-auto productDetailWrap\">\n<div class=\"flex \">\n<div class=\"flex flex-col md:flex-row \">\n<div id=\"\" class=\"w-[calc(100%-30px)] md:w-[calc(58.33%-30px)] mx-15 text-center md:text-left lg:pl-15\">\n<div class=\"text-[19px] my-10 leading-[24.7px] text-[#3b2774] lg:pr-[35px] prodDesc\">\n<p>Ganze Haseln\u00fcsse im 200g-Format ist der k\u00f6stliche Schokoladengenuss aus zartschmelzender Milka Alpenmilch Schokolade aus 100% Alpenmilch mit ganzen Haseln\u00fcssen.<\/p>\n<\/div>\n<\/div>\n<\/div>\n<\/div>\n<\/div>\n<div class=\"w-[calc(100%-30px)] lg:max-w-[1170px] mx-auto my-[25px] productAccordion\">\n<div class=\"accordianWrapper border-b-2 border-[#3b2774]\">\n<div class=\"px-[5%] py-[2%]\"><\/div>\n<\/div>\n<\/div>\n","protected":false},"excerpt":{"rendered":"<table class=\"prodTableContainer w-full font-normal text-purple\">\n<thead>\n<tr class=\"[&amp;&gt;th]:text-16 [&amp;&gt;th]:leading-[16px] lg:[&amp;&gt;th]:text-18 lg:[&amp;&gt;th]:leading-[30.6px] [&amp;&gt;th]:text-right lg:[&amp;&gt;th]:tracking-[1.3px] [&amp;&gt;th]:p-0 [&amp;&gt;th]:whitespace-nowrap uppercase\" style=\"border: 0px solid; box-sizing: border-box; --tw-border-spacing-x: 0; --tw-border-spacing-y: 0; --tw-translate-x: 0; --tw-translate-y: 0; --tw-rotate: 0; --tw-skew-x: 0; --tw-skew-y: 0; --tw-scale-x: 1; --tw-scale-y: 1; --tw-scroll-snap-strictness: proximity; --tw-ring-offset-width: 0px; --tw-ring-offset-color: #fff; --tw-ring-color: rgba(59,130,246,.5); --tw-ring-offset-shadow: 0 0 #0000; --tw-ring-shadow: 0 0 #0000; --tw-shadow: 0 0 #0000; --tw-shadow-colored: 0 0 #0000; text-transform: uppercase;\">\n<th>N\u00c4HRWERTE<\/th>\n<th><\/th>\n<th>16,7 g<\/th>\n<\/tr>\n<\/thead>\n<tbody class=\"productTableData\">\n<tr>\n<td>Energie (Brennwert)<\/td>\n<td>\n<div class=\"ntable_html\">2324 kJ \/<br \/>\n557 kcal<\/div>\n<\/td>\n<td>\n<div class=\"ntable_html\">388 kJ \/<br \/>\n93 kcal<\/div>\n<\/td>\n<\/tr>\n<tr>\n<td>Proteine<\/td>\n<td>7.6g<\/td>\n<td>1.3 g<\/td>\n<\/tr>\n<tr>\n<td>Kohlenhydrate<\/td>\n<td>51.0g<\/td>\n<td>8.5g<\/td>\n<\/tr>\n<tr>\n<td>Fett<\/td>\n<td>35.0g<\/td>\n<td>5.9g<\/td>\n<\/tr>\n<tr>\n<td>davon Zucker<\/td>\n<td>49.0g<\/td>\n<td>8.1g<\/td>\n<\/tr>\n<tr>\n<td>Ballaststoffe<\/td>\n<td>3.2g<\/td>\n<td>0.5g<\/td>\n<\/tr>\n<tr>\n<td>Natrium<\/td>\n<td>0.24g<\/td>\n<td>0.04g<\/td>\n<\/tr>\n<tr>\n<td>davon ges\u00e4ttigte Fetts\u00e4uren<\/td>\n<td>17.0g<\/td>\n<td>2.8g<\/td>\n<\/tr>\n<\/tbody>\n<\/table>\n","protected":false},"featured_media":2251,"comment_status":"open","ping_status":"closed","template":"","meta":[],"product_brand":[],"product_cat":[67],"product_tag":[47,48],"class_list":{"0":"post-2136","1":"product","2":"type-product","3":"status-publish","4":"has-post-thumbnail","6":"product_cat-tafeln","7":"product_tag-sport","8":"product_tag-summer","10":"first","11":"instock","12":"shipping-taxable","13":"purchasable","14":"product-type-simple"},"_links":{"self":[{"href":"https:\/\/22halbeisx.bplaced.net\/index.php?rest_route=\/wp\/v2\/product\/2136","targetHints":{"allow":["GET"]}}],"collection":[{"href":"https:\/\/22halbeisx.bplaced.net\/index.php?rest_route=\/wp\/v2\/product"}],"about":[{"href":"https:\/\/22halbeisx.bplaced.net\/index.php?rest_route=\/wp\/v2\/types\/product"}],"replies":[{"embeddable":true,"href":"https:\/\/22halbeisx.bplaced.net\/index.php?rest_route=%2Fwp%2Fv2%2Fcomments&post=2136"}],"wp:featuredmedia":[{"embeddable":true,"href":"https:\/\/22halbeisx.bplaced.net\/index.php?rest_route=\/wp\/v2\/media\/2251"}],"wp:attachment":[{"href":"https:\/\/22halbeisx.bplaced.net\/index.php?rest_route=%2Fwp%2Fv2%2Fmedia&parent=2136"}],"wp:term":[{"taxonomy":"product_brand","embeddable":true,"href":"https:\/\/22halbeisx.bplaced.net\/index.php?rest_route=%2Fwp%2Fv2%2Fproduct_brand&post=2136"},{"taxonomy":"product_cat","embeddable":true,"href":"https:\/\/22halbeisx.bplaced.net\/index.php?rest_route=%2Fwp%2Fv2%2Fproduct_cat&post=2136"},{"taxonomy":"product_tag","embeddable":true,"href":"https:\/\/22halbeisx.bplaced.net\/index.php?rest_route=%2Fwp%2Fv2%2Fproduct_tag&post=2136"}],"curies":[{"name":"wp","href":"https:\/\/api.w.org\/{rel}","templated":true}]}}