{"id":2274,"date":"2024-11-17T18:28:42","date_gmt":"2024-11-17T17:28:42","guid":{"rendered":"https:\/\/22halbeisx.bplaced.net\/?post_type=product&#038;p=2274"},"modified":"2024-12-12T08:28:26","modified_gmt":"2024-12-12T07:28:26","slug":"milka-130g-hauchzarte-herzen","status":"publish","type":"product","link":"https:\/\/22halbeisx.bplaced.net\/?product=milka-130g-hauchzarte-herzen","title":{"rendered":"Milka 130g Hauchzarte Herzen"},"content":{"rendered":"<p>Die hauchd\u00fcnnen, herzf\u00f6rmigen T\u00e4felchen aus zart schmelzender Milka Alpenmilch Schokolade bieten einen unverwechselbaren Genuss und eignen sich hervorragend als Mitbringsel.<\/p>\n<p>Am 14. Februar ist Valentinstag \u2013 der perfekte Tag, um deinen Liebsten und auch Freunden zu zeigen, wie sehr du sie magst. Lass dich von Milka inspirieren.<\/p>\n","protected":false},"excerpt":{"rendered":"<div class=\"lg:flex justify-between pt-[26px]\">\n<div class=\"w-full lg:w-[56%] pt-20 lg:pt-0\">\n<div class=\"productTable w-full overflow-x-auto overflow-y-hidden\">\n<table class=\"prodTableContainer w-full font-normal text-purple\">\n<thead>\n<tr class=\"[&amp;&gt;th]:text-16 [&amp;&gt;th]:leading-[16px] lg:[&amp;&gt;th]:text-18 lg:[&amp;&gt;th]:leading-[30.6px] [&amp;&gt;th]:text-right lg:[&amp;&gt;th]:tracking-[1.3px] [&amp;&gt;th]:p-0 [&amp;&gt;th]:whitespace-nowrap uppercase\" style=\"border: 0px solid; box-sizing: border-box; --tw-border-spacing-x: 0; --tw-border-spacing-y: 0; --tw-translate-x: 0; --tw-translate-y: 0; --tw-rotate: 0; --tw-skew-x: 0; --tw-skew-y: 0; --tw-scale-x: 1; --tw-scale-y: 1; --tw-scroll-snap-strictness: proximity; --tw-ring-offset-width: 0px; --tw-ring-offset-color: #fff; --tw-ring-color: rgba(59,130,246,.5); --tw-ring-offset-shadow: 0 0 #0000; --tw-ring-shadow: 0 0 #0000; --tw-shadow: 0 0 #0000; --tw-shadow-colored: 0 0 #0000; text-transform: uppercase;\">\n<th>N\u00c4HRWERTE<\/th>\n<th><\/th>\n<th>32,5 g<\/th>\n<\/tr>\n<\/thead>\n<tbody class=\"productTableData\">\n<tr>\n<td>Energie (Brennwert)<\/td>\n<td>\n<div class=\"ntable_html\">2290 kJ \/<br \/>\n550kcal<\/div>\n<\/td>\n<td>\n<div class=\"ntable_html\">745 kJ \/<br \/>\n178 kcal<\/div>\n<\/td>\n<\/tr>\n<tr>\n<td>Proteine<\/td>\n<td>6,1 g<\/td>\n<td>2,0 g<\/td>\n<\/tr>\n<tr>\n<td>Kohlenhydrate<\/td>\n<td>56,0 g<\/td>\n<td>18,0 g<\/td>\n<\/tr>\n<tr>\n<td>Fett<\/td>\n<td>33,0 g<\/td>\n<td>33,0 g<\/td>\n<\/tr>\n<tr>\n<td>davon Zucker<\/td>\n<td>55,0 g<\/td>\n<td>18,0 g<\/td>\n<\/tr>\n<tr>\n<td>Ballaststoffe<\/td>\n<td>1,7 g<\/td>\n<td>0,6g<\/td>\n<\/tr>\n<tr>\n<td>Natrium<\/td>\n<td>0,40 g<\/td>\n<td>0,13 g<\/td>\n<\/tr>\n<tr>\n<td>davon ges\u00e4ttigte Fetts\u00e4uren<\/td>\n<td>19,5 g<\/td>\n<td>6,4 g<\/td>\n<\/tr>\n<\/tbody>\n<\/table>\n<\/div>\n<\/div>\n<\/div>\n","protected":false},"featured_media":2275,"comment_status":"open","ping_status":"closed","template":"","meta":[],"product_brand":[],"product_cat":[68],"product_tag":[],"class_list":{"0":"post-2274","1":"product","2":"type-product","3":"status-publish","4":"has-post-thumbnail","6":"product_cat-pralinen","8":"first","9":"instock","10":"shipping-taxable","11":"purchasable","12":"product-type-simple"},"_links":{"self":[{"href":"https:\/\/22halbeisx.bplaced.net\/index.php?rest_route=\/wp\/v2\/product\/2274","targetHints":{"allow":["GET"]}}],"collection":[{"href":"https:\/\/22halbeisx.bplaced.net\/index.php?rest_route=\/wp\/v2\/product"}],"about":[{"href":"https:\/\/22halbeisx.bplaced.net\/index.php?rest_route=\/wp\/v2\/types\/product"}],"replies":[{"embeddable":true,"href":"https:\/\/22halbeisx.bplaced.net\/index.php?rest_route=%2Fwp%2Fv2%2Fcomments&post=2274"}],"wp:featuredmedia":[{"embeddable":true,"href":"https:\/\/22halbeisx.bplaced.net\/index.php?rest_route=\/wp\/v2\/media\/2275"}],"wp:attachment":[{"href":"https:\/\/22halbeisx.bplaced.net\/index.php?rest_route=%2Fwp%2Fv2%2Fmedia&parent=2274"}],"wp:term":[{"taxonomy":"product_brand","embeddable":true,"href":"https:\/\/22halbeisx.bplaced.net\/index.php?rest_route=%2Fwp%2Fv2%2Fproduct_brand&post=2274"},{"taxonomy":"product_cat","embeddable":true,"href":"https:\/\/22halbeisx.bplaced.net\/index.php?rest_route=%2Fwp%2Fv2%2Fproduct_cat&post=2274"},{"taxonomy":"product_tag","embeddable":true,"href":"https:\/\/22halbeisx.bplaced.net\/index.php?rest_route=%2Fwp%2Fv2%2Fproduct_tag&post=2274"}],"curies":[{"name":"wp","href":"https:\/\/api.w.org\/{rel}","templated":true}]}}