{"id":2285,"date":"2024-11-18T15:07:47","date_gmt":"2024-11-18T14:07:47","guid":{"rendered":"https:\/\/22halbeisx.bplaced.net\/?post_type=product&#038;p=2285"},"modified":"2024-11-18T15:07:47","modified_gmt":"2024-11-18T14:07:47","slug":"milka-mmmax-ganze-haselnuesse-270g","status":"publish","type":"product","link":"https:\/\/22halbeisx.bplaced.net\/?product=milka-mmmax-ganze-haselnuesse-270g","title":{"rendered":"Milka Mmmax Ganze Haseln\u00fcsse 270g"},"content":{"rendered":"<p>Milka Mmmax Ganze Haseln\u00fcsse ist der k\u00f6stliche Schokoladengenuss aus zartschmelzender Milka Alpenmilch Schokolade aus 100% Alpenmilch mit ganzen Haseln\u00fcssen.<\/p>\n","protected":false},"excerpt":{"rendered":"<table class=\"prodTableContainer w-full font-normal text-purple\">\n<thead>\n<tr class=\"[&amp;&gt;th]:text-16 [&amp;&gt;th]:leading-[16px] lg:[&amp;&gt;th]:text-18 lg:[&amp;&gt;th]:leading-[30.6px] [&amp;&gt;th]:text-right lg:[&amp;&gt;th]:tracking-[1.3px] [&amp;&gt;th]:p-0 [&amp;&gt;th]:whitespace-nowrap uppercase\" style=\"border: 0px solid; box-sizing: border-box; --tw-border-spacing-x: 0; --tw-border-spacing-y: 0; --tw-translate-x: 0; --tw-translate-y: 0; --tw-rotate: 0; --tw-skew-x: 0; --tw-skew-y: 0; --tw-scale-x: 1; --tw-scale-y: 1; --tw-scroll-snap-strictness: proximity; --tw-ring-offset-width: 0px; --tw-ring-offset-color: #fff; --tw-ring-color: rgba(59,130,246,.5); --tw-ring-offset-shadow: 0 0 #0000; --tw-ring-shadow: 0 0 #0000; --tw-shadow: 0 0 #0000; --tw-shadow-colored: 0 0 #0000; text-transform: uppercase;\">\n<th>N\u00c4HRWERTE<\/th>\n<th><\/th>\n<th>30 g<\/th>\n<\/tr>\n<\/thead>\n<tbody class=\"productTableData\">\n<tr>\n<td>Energie (Brennwert)<\/td>\n<td>\n<div class=\"ntable_html\">2332 kJ \/<br \/>\n560 kcal<\/div>\n<\/td>\n<td>\n<div class=\"ntable_html\">700 kJ \/<br \/>\n168 kcal<\/div>\n<\/td>\n<\/tr>\n<tr>\n<td>Proteine<\/td>\n<td>7.9 g<\/td>\n<td>2.4g<\/td>\n<\/tr>\n<tr>\n<td>Kohlenhydrate<\/td>\n<td>48.0g<\/td>\n<td>15.0g<\/td>\n<\/tr>\n<tr>\n<td>Fett<\/td>\n<td>36.0g<\/td>\n<td>11.0g<\/td>\n<\/tr>\n<tr>\n<td>davon Zucker<\/td>\n<td>47.0g<\/td>\n<td>14.0g<\/td>\n<\/tr>\n<tr>\n<td>Ballaststoffe<\/td>\n<td>3.5g<\/td>\n<td>1.0g<\/td>\n<\/tr>\n<tr>\n<td>Natrium<\/td>\n<td>0.23g<\/td>\n<td>0.07g<\/td>\n<\/tr>\n<tr>\n<td>davon ges\u00e4ttigte Fetts\u00e4uren<\/td>\n<td>16.0 g<\/td>\n<td>4.9g<\/td>\n<\/tr>\n<\/tbody>\n<\/table>\n","protected":false},"featured_media":2286,"comment_status":"open","ping_status":"closed","template":"","meta":[],"product_brand":[],"product_cat":[70,67],"product_tag":[],"class_list":{"0":"post-2285","1":"product","2":"type-product","3":"status-publish","4":"has-post-thumbnail","6":"product_cat-mmmax","7":"product_cat-tafeln","9":"first","10":"instock","11":"shipping-taxable","12":"purchasable","13":"product-type-simple"},"_links":{"self":[{"href":"https:\/\/22halbeisx.bplaced.net\/index.php?rest_route=\/wp\/v2\/product\/2285","targetHints":{"allow":["GET"]}}],"collection":[{"href":"https:\/\/22halbeisx.bplaced.net\/index.php?rest_route=\/wp\/v2\/product"}],"about":[{"href":"https:\/\/22halbeisx.bplaced.net\/index.php?rest_route=\/wp\/v2\/types\/product"}],"replies":[{"embeddable":true,"href":"https:\/\/22halbeisx.bplaced.net\/index.php?rest_route=%2Fwp%2Fv2%2Fcomments&post=2285"}],"wp:featuredmedia":[{"embeddable":true,"href":"https:\/\/22halbeisx.bplaced.net\/index.php?rest_route=\/wp\/v2\/media\/2286"}],"wp:attachment":[{"href":"https:\/\/22halbeisx.bplaced.net\/index.php?rest_route=%2Fwp%2Fv2%2Fmedia&parent=2285"}],"wp:term":[{"taxonomy":"product_brand","embeddable":true,"href":"https:\/\/22halbeisx.bplaced.net\/index.php?rest_route=%2Fwp%2Fv2%2Fproduct_brand&post=2285"},{"taxonomy":"product_cat","embeddable":true,"href":"https:\/\/22halbeisx.bplaced.net\/index.php?rest_route=%2Fwp%2Fv2%2Fproduct_cat&post=2285"},{"taxonomy":"product_tag","embeddable":true,"href":"https:\/\/22halbeisx.bplaced.net\/index.php?rest_route=%2Fwp%2Fv2%2Fproduct_tag&post=2285"}],"curies":[{"name":"wp","href":"https:\/\/api.w.org\/{rel}","templated":true}]}}