{"id":2287,"date":"2024-11-18T15:10:23","date_gmt":"2024-11-18T14:10:23","guid":{"rendered":"https:\/\/22halbeisx.bplaced.net\/?post_type=product&#038;p=2287"},"modified":"2024-11-18T15:10:23","modified_gmt":"2024-11-18T14:10:23","slug":"milka-peanut-caramel-276g","status":"publish","type":"product","link":"https:\/\/22halbeisx.bplaced.net\/?product=milka-peanut-caramel-276g","title":{"rendered":"Milka Peanut Caramel 276g"},"content":{"rendered":"<p>Milka Mmmax Peanut Caramel \u00fcberrascht mit einer F\u00fcllung aus knackigen Erdn\u00fcssen, cremigem Karamell, zarter Milka Alpenmilchschokolade und einer Extra-Schicht aus Knusper-Reis und Erdnussst\u00fcckchen.<\/p>\n<p>Die Kombination cremiger, knackiger und zarter Zutaten sorgt f\u00fcr ein intensives Geschmackserlebnis.<\/p>\n<p>Milka Peanut Caramel \u2013 einfach nur mmmmmmh!<\/p>\n","protected":false},"excerpt":{"rendered":"<table class=\"prodTableContainer w-full font-normal text-purple\">\n<thead>\n<tr class=\"[&amp;&gt;th]:text-16 [&amp;&gt;th]:leading-[16px] lg:[&amp;&gt;th]:text-18 lg:[&amp;&gt;th]:leading-[30.6px] [&amp;&gt;th]:text-right lg:[&amp;&gt;th]:tracking-[1.3px] [&amp;&gt;th]:p-0 [&amp;&gt;th]:whitespace-nowrap uppercase\" style=\"border: 0px solid; box-sizing: border-box; --tw-border-spacing-x: 0; --tw-border-spacing-y: 0; --tw-translate-x: 0; --tw-translate-y: 0; --tw-rotate: 0; --tw-skew-x: 0; --tw-skew-y: 0; --tw-scale-x: 1; --tw-scale-y: 1; --tw-scroll-snap-strictness: proximity; --tw-ring-offset-width: 0px; --tw-ring-offset-color: #fff; --tw-ring-color: rgba(59,130,246,.5); --tw-ring-offset-shadow: 0 0 #0000; --tw-ring-shadow: 0 0 #0000; --tw-shadow: 0 0 #0000; --tw-shadow-colored: 0 0 #0000; text-transform: uppercase;\">\n<th>N\u00c4HRWERTE<\/th>\n<th><\/th>\n<th>34,5 g<\/th>\n<\/tr>\n<\/thead>\n<tbody class=\"productTableData\">\n<tr>\n<td>Energie (Brennwert)<\/td>\n<td>\n<div class=\"ntable_html\">2277 kJ \/<br \/>\n546 kcal<\/div>\n<\/td>\n<td>\n<div class=\"ntable_html\">786 kJ \/<br \/>\n188 kcal<\/div>\n<\/td>\n<\/tr>\n<tr>\n<td>Proteine<\/td>\n<td>9.1g<\/td>\n<td>3.1g<\/td>\n<\/tr>\n<tr>\n<td>Kohlenhydrate<\/td>\n<td>51.0 g<\/td>\n<td>17.0g<\/td>\n<\/tr>\n<tr>\n<td>Fett<\/td>\n<td>33.0g<\/td>\n<td>12.0g<\/td>\n<\/tr>\n<tr>\n<td>davon Zucker<\/td>\n<td>47.0g<\/td>\n<td>16.0g<\/td>\n<\/tr>\n<tr>\n<td>Ballaststoffe<\/td>\n<td>2.3 g<\/td>\n<td>0.8g<\/td>\n<\/tr>\n<tr>\n<td>Natrium<\/td>\n<td>0.29g<\/td>\n<td>0.10g<\/td>\n<\/tr>\n<tr>\n<td>davon ges\u00e4ttigte Fetts\u00e4uren<\/td>\n<td>16.0g<\/td>\n<td>5.4g<\/td>\n<\/tr>\n<\/tbody>\n<\/table>\n","protected":false},"featured_media":2286,"comment_status":"open","ping_status":"closed","template":"","meta":[],"product_brand":[],"product_cat":[70,67],"product_tag":[],"class_list":{"0":"post-2287","1":"product","2":"type-product","3":"status-publish","4":"has-post-thumbnail","6":"product_cat-mmmax","7":"product_cat-tafeln","9":"first","10":"instock","11":"shipping-taxable","12":"purchasable","13":"product-type-simple"},"_links":{"self":[{"href":"https:\/\/22halbeisx.bplaced.net\/index.php?rest_route=\/wp\/v2\/product\/2287","targetHints":{"allow":["GET"]}}],"collection":[{"href":"https:\/\/22halbeisx.bplaced.net\/index.php?rest_route=\/wp\/v2\/product"}],"about":[{"href":"https:\/\/22halbeisx.bplaced.net\/index.php?rest_route=\/wp\/v2\/types\/product"}],"replies":[{"embeddable":true,"href":"https:\/\/22halbeisx.bplaced.net\/index.php?rest_route=%2Fwp%2Fv2%2Fcomments&post=2287"}],"wp:featuredmedia":[{"embeddable":true,"href":"https:\/\/22halbeisx.bplaced.net\/index.php?rest_route=\/wp\/v2\/media\/2286"}],"wp:attachment":[{"href":"https:\/\/22halbeisx.bplaced.net\/index.php?rest_route=%2Fwp%2Fv2%2Fmedia&parent=2287"}],"wp:term":[{"taxonomy":"product_brand","embeddable":true,"href":"https:\/\/22halbeisx.bplaced.net\/index.php?rest_route=%2Fwp%2Fv2%2Fproduct_brand&post=2287"},{"taxonomy":"product_cat","embeddable":true,"href":"https:\/\/22halbeisx.bplaced.net\/index.php?rest_route=%2Fwp%2Fv2%2Fproduct_cat&post=2287"},{"taxonomy":"product_tag","embeddable":true,"href":"https:\/\/22halbeisx.bplaced.net\/index.php?rest_route=%2Fwp%2Fv2%2Fproduct_tag&post=2287"}],"curies":[{"name":"wp","href":"https:\/\/api.w.org\/{rel}","templated":true}]}}