{"id":78,"date":"2022-06-07T12:06:29","date_gmt":"2022-06-07T10:06:29","guid":{"rendered":"https:\/\/nicktesting.kinsta.cloud\/shopdiko1\/?post_type=product&#038;p=78"},"modified":"2024-11-17T17:57:02","modified_gmt":"2024-11-17T16:57:02","slug":"neon-summer-activewear","status":"publish","type":"product","link":"https:\/\/22halbeisx.bplaced.net\/?product=neon-summer-activewear","title":{"rendered":"Milka Choco Wafer 150g"},"content":{"rendered":"<div class=\"w-full lg:max-w-[1170px] mx-auto productDetailWrap\">\n<div class=\"flex \">\n<div class=\"flex flex-col md:flex-row \">\n<div id=\"\" class=\"w-[calc(100%-30px)] md:w-[calc(58.33%-30px)] mx-15 text-center md:text-left lg:pl-15\">\n<div class=\"text-[19px] my-10 leading-[24.7px] text-[#3b2774] lg:pr-[35px] prodDesc\">\n<p>Milka Choco Wafer bietet dir au\u00dferordentlich schokoladigen Waffelgenuss. Der luftige Keks aus drei Schichten Waffel und feiner Kakaocreme ist umh\u00fcllt von zarter Milka Alpenmilch Schokolade. F\u00fcnf einzeln verpackte Milka Choco Wafer sind in einer Packung \u2013 ideal auch f\u00fcr unterwegs. Auch einzeln erh\u00e4ltlich.<\/p>\n<\/div>\n<\/div>\n<\/div>\n<\/div>\n<\/div>\n<div class=\"w-[calc(100%-30px)] lg:max-w-[1170px] mx-auto my-[25px] productAccordion\">\n<div class=\"accordianWrapper border-b-2 border-[#3b2774]\">\n<div class=\"px-[5%] py-[2%]\"><\/div>\n<\/div>\n<\/div>\n","protected":false},"excerpt":{"rendered":"<ul>\n<li>\n<div class=\"lg:flex justify-between pt-[26px]\">\n<div class=\"w-full lg:w-[56%] pt-20 lg:pt-0\">\n<div class=\"productTable w-full overflow-x-auto overflow-y-hidden\">\n<table class=\"prodTableContainer w-full font-normal text-purple\">\n<thead>\n<tr class=\"[&amp;&gt;th]:text-16 [&amp;&gt;th]:leading-[16px] lg:[&amp;&gt;th]:text-18 lg:[&amp;&gt;th]:leading-[30.6px] [&amp;&gt;th]:text-right lg:[&amp;&gt;th]:tracking-[1.3px] [&amp;&gt;th]:p-0 [&amp;&gt;th]:whitespace-nowrap uppercase\" style=\"border: 0px solid; box-sizing: border-box; --tw-border-spacing-x: 0; --tw-border-spacing-y: 0; --tw-translate-x: 0; --tw-translate-y: 0; --tw-rotate: 0; --tw-skew-x: 0; --tw-skew-y: 0; --tw-scale-x: 1; --tw-scale-y: 1; --tw-scroll-snap-strictness: proximity; --tw-ring-offset-width: 0px; --tw-ring-offset-color: #fff; --tw-ring-color: rgba(59,130,246,.5); --tw-ring-offset-shadow: 0 0 #0000; --tw-ring-shadow: 0 0 #0000; --tw-shadow: 0 0 #0000; --tw-shadow-colored: 0 0 #0000; text-transform: uppercase;\">\n<th>N\u00c4HRWERTE<\/th>\n<th><\/th>\n<th><\/th>\n<\/tr>\n<\/thead>\n<tbody class=\"productTableData\">\n<tr>\n<td>Energie (Brennwert)<\/td>\n<td>\n<div class=\"ntable_html\">672kJ\/<br \/>\n161 kcal<\/div>\n<\/td>\n<\/tr>\n<tr>\n<td>Proteine<\/td>\n<td>2,0g<\/td>\n<\/tr>\n<tr>\n<td>Kohlenhydrate<\/td>\n<td>17,0g<\/td>\n<\/tr>\n<tr>\n<td>Fett<\/td>\n<td>9,3g<\/td>\n<\/tr>\n<tr>\n<td>davon Zucker<\/td>\n<td>13,0 g<\/td>\n<\/tr>\n<tr>\n<td>Ballaststoffe<\/td>\n<td>0,8g<\/td>\n<\/tr>\n<tr>\n<td>Natrium<\/td>\n<td>0,12g<\/td>\n<\/tr>\n<tr>\n<td>davon ges\u00e4ttigte Fetts\u00e4uren<\/td>\n<td>5,4g<\/td>\n<\/tr>\n<\/tbody>\n<\/table>\n<\/div>\n<\/div>\n<\/div>\n<\/li>\n<\/ul>\n","protected":false},"featured_media":2253,"comment_status":"open","ping_status":"closed","template":"","meta":[],"product_brand":[],"product_cat":[69],"product_tag":[39,48],"class_list":{"0":"post-78","1":"product","2":"type-product","3":"status-publish","4":"has-post-thumbnail","6":"product_cat-kekse-und-kuechlein","7":"product_tag-neon","8":"product_tag-summer","10":"first","11":"instock","12":"sale","13":"shipping-taxable","14":"purchasable","15":"product-type-simple"},"_links":{"self":[{"href":"https:\/\/22halbeisx.bplaced.net\/index.php?rest_route=\/wp\/v2\/product\/78","targetHints":{"allow":["GET"]}}],"collection":[{"href":"https:\/\/22halbeisx.bplaced.net\/index.php?rest_route=\/wp\/v2\/product"}],"about":[{"href":"https:\/\/22halbeisx.bplaced.net\/index.php?rest_route=\/wp\/v2\/types\/product"}],"replies":[{"embeddable":true,"href":"https:\/\/22halbeisx.bplaced.net\/index.php?rest_route=%2Fwp%2Fv2%2Fcomments&post=78"}],"wp:featuredmedia":[{"embeddable":true,"href":"https:\/\/22halbeisx.bplaced.net\/index.php?rest_route=\/wp\/v2\/media\/2253"}],"wp:attachment":[{"href":"https:\/\/22halbeisx.bplaced.net\/index.php?rest_route=%2Fwp%2Fv2%2Fmedia&parent=78"}],"wp:term":[{"taxonomy":"product_brand","embeddable":true,"href":"https:\/\/22halbeisx.bplaced.net\/index.php?rest_route=%2Fwp%2Fv2%2Fproduct_brand&post=78"},{"taxonomy":"product_cat","embeddable":true,"href":"https:\/\/22halbeisx.bplaced.net\/index.php?rest_route=%2Fwp%2Fv2%2Fproduct_cat&post=78"},{"taxonomy":"product_tag","embeddable":true,"href":"https:\/\/22halbeisx.bplaced.net\/index.php?rest_route=%2Fwp%2Fv2%2Fproduct_tag&post=78"}],"curies":[{"name":"wp","href":"https:\/\/api.w.org\/{rel}","templated":true}]}}